{"id":80,"date":"2013-02-11T16:41:07","date_gmt":"2013-02-11T15:41:07","guid":{"rendered":"http:\/\/www.seaandsky-biarritz.com\/\/?page_id=80"},"modified":"2013-04-15T14:29:08","modified_gmt":"2013-04-15T13:29:08","slug":"situation-de-la-villa-a-biarritz","status":"publish","type":"page","link":"https:\/\/www.seaandsky-biarritz.com\/fr\/situation-de-la-villa-a-biarritz\/","title":{"rendered":"Situation de la villa \u00e0 Biarritz"},"content":{"rendered":"<p>Le centre de Biarritz n&rsquo;est qu&rsquo;\u00e0 quelques minutes \u00e0 pied. Les activit\u00e9s ne manquent pas : port des p\u00eacheurs, caf\u00e9s et restaurants, promenades, etc&#8230; Biarritz est une ville baln\u00e9aire prestigieuse avec une grande vari\u00e9t\u00e9 de styles architecturaux. Un des b\u00e2timents les plus int\u00e9ressants est l&rsquo;H\u00f4tel du Palais, autrefois la r\u00e9sidence priv\u00e9e de Napol\u00e9on III.<\/p>\n<p>Tous les ans, deux feux d&rsquo;artifice sont tir\u00e9s \u00e0 la c\u00e9l\u00e8bre Grande Plage, le 14 juillet et le 15 ao\u00fbt.<\/p>\n<p>Les Halles traditionnelles sont ouvertes tous les matins y compris le dimanche et proposent un grand choix de produits locaux.<\/p>\n<p>Egalement \u00e0 voir, le Rocher de la Vierge, le Mus\u00e9e de la Mer, le Port des P\u00eacheurs\u2026 Excursions dans l&rsquo;arri\u00e8re-pays basque, visite de Bayonne, corridas, golfs, tennis, thalassoth\u00e9rapie, th\u00e9\u00e2tre, ballet\u2026<\/p>\n<p>Les villes toutes proches de Saint-Jean-de-Luz et Saint S\u00e9bastien (l&rsquo;Espagne n&rsquo;est qu&rsquo;\u00e0 20 min) feront aussi bien le bonheur des amoureux du shopping avec leurs nombreuses boutiques, que des noctambules. Le Mus\u00e9e Guggenheim de Bilbao vaut \u00e9galement le d\u00e9tour.<\/p>\n<p><iframe loading=\"lazy\" src=\"https:\/\/maps.google.fr\/maps\/ms?msid=212790079871011426812.0004da65940ecb03fdeec&amp;msa=0&amp;ie=UTF8&amp;t=m&amp;ll=45.02695,2.944336&amp;spn=15.529273,42.143555&amp;z=5&amp;output=embed\" height=\"500\" width=\"960\" frameborder=\"0\" marginwidth=\"0\" marginheight=\"0\" scrolling=\"no\"><\/iframe><br \/>\n<small>Afficher <a style=\"color: #0000ff; text-align: left;\" href=\"https:\/\/maps.google.fr\/maps\/ms?msid=212790079871011426812.0004da65940ecb03fdeec&amp;msa=0&amp;ie=UTF8&amp;t=m&amp;ll=45.02695,2.944336&amp;spn=15.529273,42.143555&amp;z=5&amp;source=embed\">Sea and Sky<\/a> sur une carte plus grande<\/small><\/p>","protected":false},"excerpt":{"rendered":"<p>Le centre de Biarritz n&rsquo;est qu&rsquo;\u00e0 quelques minutes \u00e0 pied. Les activit\u00e9s ne manquent pas : port des p\u00eacheurs, caf\u00e9s et restaurants, promenades, etc&#8230; Biarritz est une ville baln\u00e9aire prestigieuse avec une grande vari\u00e9t\u00e9 de styles architecturaux. Un des b\u00e2timents &hellip; <a href=\"https:\/\/www.seaandsky-biarritz.com\/fr\/situation-de-la-villa-a-biarritz\/\">Continue reading <span class=\"meta-nav\">&rarr;<\/span><\/a><\/p>\n","protected":false},"author":2,"featured_media":0,"parent":0,"menu_order":0,"comment_status":"closed","ping_status":"closed","template":"","meta":{"_acf_changed":false,"ngg_post_thumbnail":0,"footnotes":""},"class_list":["post-80","page","type-page","status-publish","hentry"],"acf":[],"_links":{"self":[{"href":"https:\/\/www.seaandsky-biarritz.com\/fr\/wp-json\/wp\/v2\/pages\/80","targetHints":{"allow":["GET"]}}],"collection":[{"href":"https:\/\/www.seaandsky-biarritz.com\/fr\/wp-json\/wp\/v2\/pages"}],"about":[{"href":"https:\/\/www.seaandsky-biarritz.com\/fr\/wp-json\/wp\/v2\/types\/page"}],"author":[{"embeddable":true,"href":"https:\/\/www.seaandsky-biarritz.com\/fr\/wp-json\/wp\/v2\/users\/2"}],"replies":[{"embeddable":true,"href":"https:\/\/www.seaandsky-biarritz.com\/fr\/wp-json\/wp\/v2\/comments?post=80"}],"version-history":[{"count":4,"href":"https:\/\/www.seaandsky-biarritz.com\/fr\/wp-json\/wp\/v2\/pages\/80\/revisions"}],"predecessor-version":[{"id":150,"href":"https:\/\/www.seaandsky-biarritz.com\/fr\/wp-json\/wp\/v2\/pages\/80\/revisions\/150"}],"wp:attachment":[{"href":"https:\/\/www.seaandsky-biarritz.com\/fr\/wp-json\/wp\/v2\/media?parent=80"}],"curies":[{"name":"wp","href":"https:\/\/api.w.org\/{rel}","templated":true}]}}